{"id":309,"date":"2020-01-13T11:17:52","date_gmt":"2020-01-13T11:17:52","guid":{"rendered":"https:\/\/demosites.io\/web-agency-gb\/?page_id=5"},"modified":"2026-03-13T09:06:14","modified_gmt":"2026-03-13T09:06:14","slug":"pocetna","status":"publish","type":"page","link":"https:\/\/belgiangourmet.hr\/","title":{"rendered":"Po\u010detna"},"content":{"rendered":"\n<div style=\"height:42px\" aria-hidden=\"true\" class=\"wp-block-spacer\"><\/div>\n\n\n\n<div class=\"wp-block-cover alignfull is-light animated backInDown has-border-color has-ast-global-color-4-border-color has-aspect-ratio wp-duotone-unset-1\" style=\"border-width:5px;border-top-left-radius:100px;border-top-right-radius:100px;border-bottom-left-radius:100px;border-bottom-right-radius:100px;min-height:700px;aspect-ratio:4\/3;min-height:unset;\"><img loading=\"lazy\" decoding=\"async\" width=\"1920\" height=\"879\" class=\"wp-block-cover__image-background wp-image-366 size-full\" alt=\"\" src=\"https:\/\/belgiangourmet.hr\/wp-content\/uploads\/2025\/11\/onama_1.jpg\" data-object-fit=\"cover\" srcset=\"https:\/\/belgiangourmet.hr\/wp-content\/uploads\/2025\/11\/onama_1.jpg 1920w, https:\/\/belgiangourmet.hr\/wp-content\/uploads\/2025\/11\/onama_1-300x137.jpg 300w, https:\/\/belgiangourmet.hr\/wp-content\/uploads\/2025\/11\/onama_1-1024x469.jpg 1024w, https:\/\/belgiangourmet.hr\/wp-content\/uploads\/2025\/11\/onama_1-768x352.jpg 768w, https:\/\/belgiangourmet.hr\/wp-content\/uploads\/2025\/11\/onama_1-1536x703.jpg 1536w\" sizes=\"auto, (max-width: 1920px) 100vw, 1920px\" \/><span aria-hidden=\"true\" class=\"wp-block-cover__background has-background-dim-0 has-background-dim\" style=\"background-color:#93949a\"><\/span><div class=\"wp-block-cover__inner-container is-layout-flow wp-block-cover-is-layout-flow\">\n<p class=\"has-text-align-center animated backInUp has-ast-global-color-0-color has-text-color has-link-color has-large-font-size wp-elements-de67bc6ac2b201ba03531ca459313676\" style=\"border-radius:0px;font-style:normal;font-weight:1000;text-decoration:none\">Spoj Belgijskog znanja, Hrvatskog srca i odr\u017eive proizvodnje u svakoj \u010dokoladi.<\/p>\n\n\n\n<p><\/p>\n\n\n\n<p><\/p>\n\n\n\n<p><\/p>\n\n\n\n<div style=\"height:80px\" aria-hidden=\"true\" class=\"wp-block-spacer\"><\/div>\n\n\n\n<div style=\"height:80px\" aria-hidden=\"true\" class=\"wp-block-spacer\"><\/div>\n\n\n\n<div style=\"height:80px\" aria-hidden=\"true\" class=\"wp-block-spacer\"><\/div>\n\n\n\n<div style=\"height:80px\" aria-hidden=\"true\" class=\"wp-block-spacer\"><\/div>\n\n\n\n<div class=\"wp-block-buttons is-horizontal is-content-justification-center is-layout-flex wp-container-core-buttons-is-layout-03627597 wp-block-buttons-is-layout-flex\">\n<div class=\"wp-block-button is-style-primary animated bounceInLeft\"><a class=\"wp-block-button__link wp-element-button\" href=\"https:\/\/belgiangourmet.hr\/index.php\/o-nama\/\">O NAMA<\/a><\/div>\n\n\n\n<div class=\"wp-block-button is-style-secondary animated bounceInRight\"><a class=\"wp-block-button__link wp-element-button\" href=\"https:\/\/belgiangourmet.hr\/index.php\/kontaktirajte-nas\/\">KONTAKTIRAJ NAS<\/a><\/div>\n<\/div>\n\n\n\n<p><\/p>\n\n\n\n<div style=\"height:80px\" aria-hidden=\"true\" class=\"wp-block-spacer\"><\/div>\n\n\n\n<div style=\"height:80px\" aria-hidden=\"true\" class=\"wp-block-spacer\"><\/div>\n<\/div><\/div>\n\n\n\n<div style=\"height:42px\" aria-hidden=\"true\" class=\"wp-block-spacer\"><\/div>\n\n\n\n<div class=\"wp-block-cover alignfull\" style=\"border-width:9px;border-top-left-radius:100px;border-top-right-radius:100px;border-bottom-left-radius:100px;border-bottom-right-radius:100px;min-height:600px;aspect-ratio:unset;\"><span aria-hidden=\"true\" class=\"wp-block-cover__background has-nv-light-bg-background-color has-background-dim-100 has-background-dim\"><\/span><div class=\"wp-block-cover__inner-container is-layout-flow wp-block-cover-is-layout-flow\">\n<div class=\"wp-block-group is-layout-flow wp-block-group-is-layout-flow\">\n<div class=\"wp-block-columns are-vertically-aligned-center is-layout-flex wp-container-core-columns-is-layout-28f84493 wp-block-columns-is-layout-flex\">\n<div class=\"wp-block-column is-vertically-aligned-center is-layout-flow wp-block-column-is-layout-flow\" style=\"flex-basis:50%\">\n<figure class=\"wp-block-image size-large has-custom-border animated rollIn wp-duotone-unset-2\"><img loading=\"lazy\" decoding=\"async\" width=\"1024\" height=\"683\" src=\"https:\/\/belgiangourmet.hr\/wp-content\/uploads\/2025\/11\/IMG_3157-1-1024x683.jpg\" alt=\"\" class=\"wp-image-386\" style=\"border-width:2px;border-top-left-radius:100px;border-top-right-radius:100px;border-bottom-left-radius:100px;border-bottom-right-radius:100px\" srcset=\"https:\/\/belgiangourmet.hr\/wp-content\/uploads\/2025\/11\/IMG_3157-1-1024x683.jpg 1024w, https:\/\/belgiangourmet.hr\/wp-content\/uploads\/2025\/11\/IMG_3157-1-300x200.jpg 300w, https:\/\/belgiangourmet.hr\/wp-content\/uploads\/2025\/11\/IMG_3157-1-768x512.jpg 768w, https:\/\/belgiangourmet.hr\/wp-content\/uploads\/2025\/11\/IMG_3157-1-1536x1024.jpg 1536w, https:\/\/belgiangourmet.hr\/wp-content\/uploads\/2025\/11\/IMG_3157-1-2048x1365.jpg 2048w, https:\/\/belgiangourmet.hr\/wp-content\/uploads\/2025\/11\/IMG_3157-1-930x620.jpg 930w\" sizes=\"auto, (max-width: 1024px) 100vw, 1024px\" \/><\/figure>\n<\/div>\n\n\n\n<div class=\"wp-block-column is-vertically-aligned-center is-layout-flow wp-block-column-is-layout-flow\" style=\"flex-basis:50%\">\n<div style=\"height:20px\" aria-hidden=\"true\" class=\"wp-block-spacer\"><\/div>\n\n\n\n<h2 class=\"wp-block-heading has-text-align-left animated zoomIn has-ast-global-color-0-color has-text-color has-large-font-size\">Prirodno. Odr\u017eivo. Iz Hrvatske.<\/h2>\n\n\n\n<p class=\"has-text-align-left animated pulse has-ast-global-color-8-color has-text-color has-medium-font-size\">Na\u0161a BIO \u010dokolada proizvedena je u Vrlici, u potpunosti od certificiranih organskih sastojaka.<br>Bez kompromisa u kvaliteti, s po\u0161tovanjem prema prirodi i ljudima koji je stvaraju.<\/p>\n\n\n\n<p class=\"has-text-align-left animated tada has-ast-global-color-0-color has-text-color has-medium-font-size\"><strong>S ponosom nosimo oznake:<br>Vegan \u00b7 Palm Oil Free \u00b7 Dairy Free \u00b7 Soy Free \u00b7 Gluten Free \u00b7 Less Sugar \u00b7 IFS Food \u00b7 Direct Trade<\/strong><\/p>\n<\/div>\n<\/div>\n<\/div>\n<\/div><\/div>\n\n\n\n<div class=\"wp-block-cover alignfull\" style=\"border-width:9px;border-top-left-radius:100px;border-top-right-radius:100px;border-bottom-left-radius:100px;border-bottom-right-radius:100px;min-height:600px;aspect-ratio:unset;\"><span aria-hidden=\"true\" class=\"wp-block-cover__background has-nv-site-bg-background-color has-background-dim-100 has-background-dim\"><\/span><div class=\"wp-block-cover__inner-container is-layout-flow wp-block-cover-is-layout-flow\">\n<div class=\"wp-block-group is-layout-flow wp-block-group-is-layout-flow\">\n<div class=\"wp-block-columns are-vertically-aligned-center is-layout-flex wp-container-core-columns-is-layout-28f84493 wp-block-columns-is-layout-flex\">\n<div class=\"wp-block-column is-vertically-aligned-center is-layout-flow wp-block-column-is-layout-flow\" style=\"flex-basis:50%\">\n<h2 class=\"wp-block-heading has-text-align-left animated backInLeft has-ast-global-color-0-color has-text-color has-link-color has-large-font-size wp-elements-089d7904bf3f7489feb403feb960b341\">Tradicionalno znanje i moderna tehnologija<\/h2>\n\n\n\n<p class=\"has-text-align-left animated rollIn has-ast-global-color-8-color has-text-color has-medium-font-size\">U Belgian Gourmetu spajamo <strong>najdulju belgijsku tradiciju izrade \u010dokolade<\/strong> s <strong>modernom tehnologijom<\/strong> i stru\u010dno\u0161\u0107u na\u0161eg tima u Hrvatskoj.<br>Na\u0161i proizvodni procesi oslanjaju se na preciznost, iskustvo i inovacije koje osiguravaju <strong>stalan vrhunski standard kvalitete<\/strong>.<\/p>\n\n\n\n<p class=\"has-text-align-left animated flip has-ast-global-color-0-color has-text-color has-medium-font-size\">Sve na\u0161e \u010dokolade izra\u0111ujemo <strong>u skladu s najvi\u0161im IFS Food standardima<\/strong>, uz potpunu kontrolu svake faze \u2014 od sirovine do gotovog proizvoda.<\/p>\n<\/div>\n\n\n\n<div class=\"wp-block-column is-vertically-aligned-center is-layout-flow wp-block-column-is-layout-flow\" style=\"flex-basis:50%\">\n<figure class=\"wp-block-image size-large has-custom-border animated jello is-style-rounded\"><img loading=\"lazy\" decoding=\"async\" width=\"683\" height=\"1024\" src=\"https:\/\/belgiangourmet.hr\/wp-content\/uploads\/2025\/11\/IMG_3325-683x1024.jpg\" alt=\"\" class=\"wp-image-14\" style=\"border-width:5px;border-top-left-radius:100px;border-top-right-radius:100px;border-bottom-left-radius:100px;border-bottom-right-radius:100px;aspect-ratio:4\/3;object-fit:cover\" srcset=\"https:\/\/belgiangourmet.hr\/wp-content\/uploads\/2025\/11\/IMG_3325-683x1024.jpg 683w, https:\/\/belgiangourmet.hr\/wp-content\/uploads\/2025\/11\/IMG_3325-200x300.jpg 200w, https:\/\/belgiangourmet.hr\/wp-content\/uploads\/2025\/11\/IMG_3325-768x1152.jpg 768w, https:\/\/belgiangourmet.hr\/wp-content\/uploads\/2025\/11\/IMG_3325-1024x1536.jpg 1024w, https:\/\/belgiangourmet.hr\/wp-content\/uploads\/2025\/11\/IMG_3325-1365x2048.jpg 1365w, https:\/\/belgiangourmet.hr\/wp-content\/uploads\/2025\/11\/IMG_3325-scaled.jpg 1707w\" sizes=\"auto, (max-width: 683px) 100vw, 683px\" \/><\/figure>\n<\/div>\n<\/div>\n<\/div>\n<\/div><\/div>\n\n\n\n<div class=\"wp-block-cover alignfull\" style=\"border-width:9px;border-top-left-radius:100px;border-top-right-radius:100px;border-bottom-left-radius:100px;border-bottom-right-radius:100px;min-height:504px;aspect-ratio:unset;\"><span aria-hidden=\"true\" class=\"wp-block-cover__background has-nv-light-bg-background-color has-background-dim-100 has-background-dim\"><\/span><div class=\"wp-block-cover__inner-container is-layout-flow wp-block-cover-is-layout-flow\">\n<div class=\"wp-block-group is-layout-flow wp-block-group-is-layout-flow\">\n<div class=\"wp-block-columns are-vertically-aligned-center is-layout-flex wp-container-core-columns-is-layout-28f84493 wp-block-columns-is-layout-flex\">\n<div class=\"wp-block-column is-vertically-aligned-center is-layout-flow wp-block-column-is-layout-flow\" style=\"flex-basis:50%\">\n<figure class=\"wp-block-image size-large has-custom-border animated headShake wp-duotone-unset-3\"><img loading=\"lazy\" decoding=\"async\" width=\"1024\" height=\"399\" src=\"https:\/\/belgiangourmet.hr\/wp-content\/uploads\/2025\/11\/Screenshot-2025-11-12-185637-1-1024x399.jpg\" alt=\"\" class=\"wp-image-400\" style=\"border-width:5px;border-top-left-radius:100px;border-top-right-radius:100px;border-bottom-left-radius:100px;border-bottom-right-radius:100px;aspect-ratio:4\/3;object-fit:cover\" srcset=\"https:\/\/belgiangourmet.hr\/wp-content\/uploads\/2025\/11\/Screenshot-2025-11-12-185637-1-1024x399.jpg 1024w, https:\/\/belgiangourmet.hr\/wp-content\/uploads\/2025\/11\/Screenshot-2025-11-12-185637-1-300x117.jpg 300w, https:\/\/belgiangourmet.hr\/wp-content\/uploads\/2025\/11\/Screenshot-2025-11-12-185637-1-768x299.jpg 768w, https:\/\/belgiangourmet.hr\/wp-content\/uploads\/2025\/11\/Screenshot-2025-11-12-185637-1-1536x598.jpg 1536w, https:\/\/belgiangourmet.hr\/wp-content\/uploads\/2025\/11\/Screenshot-2025-11-12-185637-1.jpg 1882w\" sizes=\"auto, (max-width: 1024px) 100vw, 1024px\" \/><\/figure>\n<\/div>\n\n\n\n<div class=\"wp-block-column is-layout-flow wp-block-column-is-layout-flow\"><\/div>\n\n\n\n<div class=\"wp-block-column is-layout-flow wp-block-column-is-layout-flow\"><\/div>\n\n\n\n<div class=\"wp-block-column is-vertically-aligned-center is-layout-flow wp-block-column-is-layout-flow\" style=\"flex-basis:50%\">\n<div style=\"height:20px\" aria-hidden=\"true\" class=\"wp-block-spacer\"><\/div>\n\n\n\n<h2 class=\"wp-block-heading has-text-align-left animated heartBeat has-ast-global-color-0-color has-text-color has-large-font-size\">U srcu prirode \u2013 idealno mjesto za vegansku \u010dokoladu<\/h2>\n\n\n\n<p class=\"has-text-align-left animated wobble has-ast-global-color-0-color has-text-color has-medium-font-size\">Smje\u0161teni pored Park prirode Dinara i izvora Cetina, u mirnoj i netaknutoj prirodi, na\u0161a tvornica u Vrlika stvara \u010dokoladu koja je istinski spoj ekolo\u0161ke \u010disto\u0107e i veganskog \u017eivotnog stila.<br><br>Ovdje, na mjestu gdje voda izvire iz stijene i zrak odi\u0161e svje\u017einom, stvaramo <strong>BIO \u010dokoladu<\/strong> bez kompromisa \u2014 jer priroda je na\u0161a najbolja suradnica.<\/p>\n<\/div>\n<\/div>\n<\/div>\n<\/div><\/div>\n\n\n\n<div class=\"wp-block-cover alignfull\" style=\"border-width:9px;border-top-left-radius:100px;border-top-right-radius:100px;border-bottom-left-radius:100px;border-bottom-right-radius:100px;min-height:420px;aspect-ratio:unset;\"><span aria-hidden=\"true\" class=\"wp-block-cover__background has-nv-light-bg-background-color has-background-dim-100 has-background-dim\"><\/span><div class=\"wp-block-cover__inner-container is-layout-flow wp-block-cover-is-layout-flow\">\n<div class=\"wp-block-columns is-layout-flex wp-container-core-columns-is-layout-28f84493 wp-block-columns-is-layout-flex\">\n<div class=\"wp-block-column ticss-4ce656f1 is-layout-flow wp-block-column-is-layout-flow\">\n<figure class=\"wp-block-image aligncenter size-full is-resized is-style-default animated pulse\"><a href=\"https:\/\/vrlika.hr\/\"><img loading=\"lazy\" decoding=\"async\" width=\"200\" height=\"223\" src=\"https:\/\/belgiangourmet.hr\/wp-content\/uploads\/2025\/11\/grad_vrlika_logo_novi.png\" alt=\"\" class=\"wp-image-410\" style=\"width:80px;height:80px\"\/><\/a><\/figure>\n\n\n\n<div style=\"height:24px\" aria-hidden=\"true\" class=\"wp-block-spacer\"><\/div>\n\n\n\n<p class=\"has-text-align-center animated jackInTheBox has-ast-global-color-0-color has-text-color has-medium-font-size\">Uz podr\u0161ku Grada Vrlike i lokalne zajednice, razvijamo proizvodnju u srcu dalmatinske prirode, stvaramo nova radna mjesta i doprinosimo ravnomjernom razvoju regije.<\/p>\n\n\n\n<p class=\"has-text-align-center has-ast-global-color-8-color has-text-color has-medium-font-size\"><strong>Grad Vrlika<\/strong><\/p>\n<\/div>\n\n\n\n<div class=\"wp-block-column ticss-f6fc7494 is-layout-flow wp-block-column-is-layout-flow\">\n<figure class=\"wp-block-image aligncenter size-full is-resized is-style-rounded animated pulse\"><a href=\"https:\/\/croatia.diplomatie.belgium.be\/en\"><img loading=\"lazy\" decoding=\"async\" width=\"200\" height=\"200\" src=\"https:\/\/belgiangourmet.hr\/wp-content\/uploads\/2025\/11\/1639331922946.jpg\" alt=\"\" class=\"wp-image-407\" style=\"width:80px;height:80px\" srcset=\"https:\/\/belgiangourmet.hr\/wp-content\/uploads\/2025\/11\/1639331922946.jpg 200w, https:\/\/belgiangourmet.hr\/wp-content\/uploads\/2025\/11\/1639331922946-150x150.jpg 150w\" sizes=\"auto, (max-width: 200px) 100vw, 200px\" \/><\/a><\/figure>\n\n\n\n<div style=\"height:24px\" aria-hidden=\"true\" class=\"wp-block-spacer\"><\/div>\n\n\n\n<p class=\"has-text-align-center animated swing has-ast-global-color-0-color has-text-color has-medium-font-size\">Zahvalni smo na bliskoj suradnji i kontinuiranoj podr\u0161ci Ambasade Belgije, koja ja\u010da veze izme\u0111u dviju zemalja i poti\u010de razvoj na\u0161e \u010dokoladne pri\u010de.<br><\/p>\n\n\n\n<p class=\"has-text-align-center has-ast-global-color-8-color has-text-color has-medium-font-size\"><strong><strong>Ambasada Kraljevine Belgije u Hrvatskoj<\/strong><\/strong><\/p>\n<\/div>\n\n\n\n<div class=\"wp-block-column ticss-a5b4df29 is-layout-flow wp-block-column-is-layout-flow\">\n<figure class=\"wp-block-image aligncenter size-full is-resized is-style-rounded animated pulse\"><a href=\"https:\/\/belgianchocolategroup.com\/en\"><img loading=\"lazy\" decoding=\"async\" width=\"1600\" height=\"1600\" src=\"https:\/\/belgiangourmet.hr\/wp-content\/uploads\/2025\/11\/thebelgian-logo.jpg\" alt=\"\" class=\"wp-image-406\" style=\"width:80px;height:80px\" srcset=\"https:\/\/belgiangourmet.hr\/wp-content\/uploads\/2025\/11\/thebelgian-logo.jpg 1600w, https:\/\/belgiangourmet.hr\/wp-content\/uploads\/2025\/11\/thebelgian-logo-300x300.jpg 300w, https:\/\/belgiangourmet.hr\/wp-content\/uploads\/2025\/11\/thebelgian-logo-1024x1024.jpg 1024w, https:\/\/belgiangourmet.hr\/wp-content\/uploads\/2025\/11\/thebelgian-logo-150x150.jpg 150w, https:\/\/belgiangourmet.hr\/wp-content\/uploads\/2025\/11\/thebelgian-logo-768x768.jpg 768w, https:\/\/belgiangourmet.hr\/wp-content\/uploads\/2025\/11\/thebelgian-logo-1536x1536.jpg 1536w\" sizes=\"auto, (max-width: 1600px) 100vw, 1600px\" \/><\/a><\/figure>\n\n\n\n<div style=\"height:24px\" aria-hidden=\"true\" class=\"wp-block-spacer\"><\/div>\n\n\n\n<p class=\"has-text-align-center animated jackInTheBox has-ast-global-color-0-color has-text-color has-medium-font-size\">Na\u0161a mati\u010dna kompanija pru\u017ea nam belgijsku stru\u010dnost, znanje i tradiciju izrade \u010dokolade te zajedno gradimo sna\u017ean me\u0111unarodni brend \u2014 Belgian Gourmet.<\/p>\n\n\n\n<p class=\"has-text-align-center has-ast-global-color-8-color has-text-color has-medium-font-size\"><strong>The Belgian Chocolate Group<\/strong><\/p>\n<\/div>\n<\/div>\n<\/div><\/div>\n\n\n\n<div style=\"height:41px\" aria-hidden=\"true\" class=\"wp-block-spacer\"><\/div>\n\n\n<div style=\"height:400pxpx;\" class=\"animated zoomInUp wp-block-themeisle-blocks-leaflet-map\" id=\"wp-block-themeisle-blocks-leaflet-map-683e4028\"><\/div>\n<script type=\"text\/javascript\">\n\t\/* <![CDATA[ *\/\n\t\tif ( ! window.themeisleLeafletMaps ) window.themeisleLeafletMaps =[];\n\t\twindow.themeisleLeafletMaps.push( { container: \"wp-block-themeisle-blocks-leaflet-map-683e4028\", attributes: {\"id\":\"wp-block-themeisle-blocks-leaflet-map-683e4028\",\"location\":\"Druga ulica 1 vrlika\",\"latitude\":\"43.939933897801126\",\"longitude\":\"16.40530872343334\",\"bbox\":\"16.353836059570316,43.92757183247526,16.45683288574219,43.95229339335166\",\"zoom\":14,\"markers\":[{\"id\":\"6cc84188-e2f6-44bf-b54c-4374d90800f1\",\"latitude\":43.93811065473115,\"longitude\":16.40921898468813,\"title\":\"Add a title\",\"description\":\"\"}],\"className\":\"animated zoomInUp\",\"height\":\"400px\",\"zoomControl\":true,\"draggable\":true,\"hasCustomCSS\":false,\"customCSS\":\"\",\"otterConditions\":[]} } );\n\t\/* ]]> *\/\n<\/script>\n","protected":false},"excerpt":{"rendered":"","protected":false},"author":1,"featured_media":0,"parent":0,"menu_order":0,"comment_status":"closed","ping_status":"closed","template":"","meta":{"site-sidebar-layout":"default","site-content-layout":"","ast-site-content-layout":"default","site-content-style":"default","site-sidebar-style":"default","ast-global-header-display":"","ast-banner-title-visibility":"","ast-main-header-display":"","ast-hfb-above-header-display":"","ast-hfb-below-header-display":"","ast-hfb-mobile-header-display":"","site-post-title":"","ast-breadcrumbs-content":"","ast-featured-img":"","footer-sml-layout":"","theme-transparent-header-meta":"","adv-header-id-meta":"","stick-header-meta":"","header-above-stick-meta":"","header-main-stick-meta":"","header-below-stick-meta":"","astra-migrate-meta-layouts":"default","ast-page-background-enabled":"default","ast-page-background-meta":{"desktop":{"background-color":"var(--ast-global-color-5)","background-image":"","background-repeat":"repeat","background-position":"center center","background-size":"auto","background-attachment":"scroll","background-type":"","background-media":"","overlay-type":"","overlay-color":"","overlay-opacity":"","overlay-gradient":""},"tablet":{"background-color":"","background-image":"","background-repeat":"repeat","background-position":"center center","background-size":"auto","background-attachment":"scroll","background-type":"","background-media":"","overlay-type":"","overlay-color":"","overlay-opacity":"","overlay-gradient":""},"mobile":{"background-color":"","background-image":"","background-repeat":"repeat","background-position":"center center","background-size":"auto","background-attachment":"scroll","background-type":"","background-media":"","overlay-type":"","overlay-color":"","overlay-opacity":"","overlay-gradient":""}},"ast-content-background-meta":{"desktop":{"background-color":"var(--ast-global-color-4)","background-image":"","background-repeat":"repeat","background-position":"center center","background-size":"auto","background-attachment":"scroll","background-type":"","background-media":"","overlay-type":"","overlay-color":"","overlay-opacity":"","overlay-gradient":""},"tablet":{"background-color":"var(--ast-global-color-4)","background-image":"","background-repeat":"repeat","background-position":"center center","background-size":"auto","background-attachment":"scroll","background-type":"","background-media":"","overlay-type":"","overlay-color":"","overlay-opacity":"","overlay-gradient":""},"mobile":{"background-color":"var(--ast-global-color-4)","background-image":"","background-repeat":"repeat","background-position":"center center","background-size":"auto","background-attachment":"scroll","background-type":"","background-media":"","overlay-type":"","overlay-color":"","overlay-opacity":"","overlay-gradient":""}},"_themeisle_gutenberg_block_has_review":false,"footnotes":""},"class_list":["post-309","page","type-page","status-publish","hentry"],"_links":{"self":[{"href":"https:\/\/belgiangourmet.hr\/index.php\/wp-json\/wp\/v2\/pages\/309","targetHints":{"allow":["GET"]}}],"collection":[{"href":"https:\/\/belgiangourmet.hr\/index.php\/wp-json\/wp\/v2\/pages"}],"about":[{"href":"https:\/\/belgiangourmet.hr\/index.php\/wp-json\/wp\/v2\/types\/page"}],"author":[{"embeddable":true,"href":"https:\/\/belgiangourmet.hr\/index.php\/wp-json\/wp\/v2\/users\/1"}],"replies":[{"embeddable":true,"href":"https:\/\/belgiangourmet.hr\/index.php\/wp-json\/wp\/v2\/comments?post=309"}],"version-history":[{"count":46,"href":"https:\/\/belgiangourmet.hr\/index.php\/wp-json\/wp\/v2\/pages\/309\/revisions"}],"predecessor-version":[{"id":579,"href":"https:\/\/belgiangourmet.hr\/index.php\/wp-json\/wp\/v2\/pages\/309\/revisions\/579"}],"wp:attachment":[{"href":"https:\/\/belgiangourmet.hr\/index.php\/wp-json\/wp\/v2\/media?parent=309"}],"curies":[{"name":"wp","href":"https:\/\/api.w.org\/{rel}","templated":true}]}}