{"id":69,"date":"2020-01-27T08:05:29","date_gmt":"2020-01-27T08:05:29","guid":{"rendered":"https:\/\/demosites.io\/web-agency-gb\/?page_id=69"},"modified":"2026-01-03T10:22:24","modified_gmt":"2026-01-03T10:22:24","slug":"proizvodi","status":"publish","type":"page","link":"https:\/\/belgiangourmet.hr\/index.php\/proizvodi\/","title":{"rendered":"Proizvodi"},"content":{"rendered":"\n<div class=\"wp-block-cover alignfull\" style=\"min-height:600px;aspect-ratio:unset;\"><span aria-hidden=\"true\" class=\"wp-block-cover__background has-nv-light-bg-background-color has-background-dim-100 has-background-dim\"><\/span><div class=\"wp-block-cover__inner-container is-layout-flow wp-block-cover-is-layout-flow\">\n<div class=\"wp-block-group is-layout-flow wp-block-group-is-layout-flow\">\n<div class=\"wp-block-columns are-vertically-aligned-center is-layout-flex wp-container-core-columns-is-layout-28f84493 wp-block-columns-is-layout-flex\">\n<div class=\"wp-block-column is-vertically-aligned-center is-layout-flow wp-block-column-is-layout-flow\" style=\"flex-basis:50%\">\n<figure class=\"wp-block-image aligncenter size-large has-custom-border animated lightSpeedInLeft\"><img loading=\"lazy\" decoding=\"async\" width=\"1024\" height=\"683\" src=\"https:\/\/belgiangourmet.hr\/wp-content\/uploads\/2025\/11\/IMG_3117-1-1024x683.jpg\" alt=\"\" class=\"has-border-color wp-image-435\" style=\"border-color:var(--ast-global-color-0);border-width:5px;border-top-left-radius:100px;border-top-right-radius:100px;border-bottom-left-radius:100px;border-bottom-right-radius:100px;aspect-ratio:4\/3;object-fit:cover\" srcset=\"https:\/\/belgiangourmet.hr\/wp-content\/uploads\/2025\/11\/IMG_3117-1-1024x683.jpg 1024w, https:\/\/belgiangourmet.hr\/wp-content\/uploads\/2025\/11\/IMG_3117-1-300x200.jpg 300w, https:\/\/belgiangourmet.hr\/wp-content\/uploads\/2025\/11\/IMG_3117-1-768x512.jpg 768w, https:\/\/belgiangourmet.hr\/wp-content\/uploads\/2025\/11\/IMG_3117-1-1536x1024.jpg 1536w, https:\/\/belgiangourmet.hr\/wp-content\/uploads\/2025\/11\/IMG_3117-1-2048x1365.jpg 2048w\" sizes=\"auto, (max-width: 1024px) 100vw, 1024px\" \/><\/figure>\n\n\n\n<div style=\"height:24px\" aria-hidden=\"true\" class=\"wp-block-spacer\"><\/div>\n\n\n\n<h3 class=\"wp-block-heading has-text-align-center has-ast-global-color-0-color has-text-color has-large-font-size\">\u010cokoladne plo\u010dice i barovi<\/h3>\n\n\n\n<p class=\"has-text-align-center has-ast-global-color-8-color has-text-color has-medium-font-size\">U Belgian Gourmetu proizvodimo <strong>BIO \u010dokoladne plo\u010dice<\/strong> <strong>i barove<\/strong> u razli\u010ditim formatima i recepturama.<br>Koristimo isklju\u010divo <strong>certificirane organske sastojke<\/strong>, uklju\u010duju\u0107i sirovi kakao iz Ju\u017ene Amerike, prirodne \u0161e\u0107ere i veganske dodatke.<\/p>\n\n\n\n<div style=\"height:40px\" aria-hidden=\"true\" class=\"wp-block-spacer\"><\/div>\n<\/div>\n\n\n\n<div class=\"wp-block-column is-vertically-aligned-center is-layout-flow wp-block-column-is-layout-flow\" style=\"flex-basis:50%\">\n<figure class=\"wp-block-image aligncenter size-large has-custom-border animated lightSpeedInRight\"><img loading=\"lazy\" decoding=\"async\" width=\"683\" height=\"1024\" src=\"https:\/\/belgiangourmet.hr\/wp-content\/uploads\/2025\/11\/IMG_3325-683x1024.jpg\" alt=\"\" class=\"has-border-color has-ast-global-color-0-border-color wp-image-14\" style=\"border-width:5px;border-top-left-radius:100px;border-top-right-radius:100px;border-bottom-left-radius:100px;border-bottom-right-radius:100px;aspect-ratio:4\/3;object-fit:cover\" srcset=\"https:\/\/belgiangourmet.hr\/wp-content\/uploads\/2025\/11\/IMG_3325-683x1024.jpg 683w, https:\/\/belgiangourmet.hr\/wp-content\/uploads\/2025\/11\/IMG_3325-200x300.jpg 200w, https:\/\/belgiangourmet.hr\/wp-content\/uploads\/2025\/11\/IMG_3325-768x1152.jpg 768w, https:\/\/belgiangourmet.hr\/wp-content\/uploads\/2025\/11\/IMG_3325-1024x1536.jpg 1024w, https:\/\/belgiangourmet.hr\/wp-content\/uploads\/2025\/11\/IMG_3325-1365x2048.jpg 1365w, https:\/\/belgiangourmet.hr\/wp-content\/uploads\/2025\/11\/IMG_3325-scaled.jpg 1707w\" sizes=\"auto, (max-width: 683px) 100vw, 683px\" \/><\/figure>\n\n\n\n<div style=\"height:24px\" aria-hidden=\"true\" class=\"wp-block-spacer\"><\/div>\n\n\n\n<h3 class=\"wp-block-heading has-text-align-center has-ast-global-color-0-color has-text-color has-large-font-size\">\u010cokoladna baza<\/h3>\n\n\n\n<p class=\"has-text-align-center has-ast-global-color-8-color has-text-color has-medium-font-size\">Kupcima nudimo <strong>\u010dokoladnu bazu<\/strong>, idealnu za daljnju preradu i kori\u0161tenje u njihovoj vlastitoj proizvodnji slastica, krema ili specijaliziranih \u010dokoladnih proizvoda.<\/p>\n\n\n\n<div style=\"height:40px\" aria-hidden=\"true\" class=\"wp-block-spacer\"><\/div>\n\n\n\n<div style=\"height:40px\" aria-hidden=\"true\" class=\"wp-block-spacer\"><\/div>\n<\/div>\n<\/div>\n<\/div>\n<\/div><\/div>\n\n\n\n<div class=\"wp-block-cover alignfull\" style=\"min-height:600px;aspect-ratio:unset;\"><span aria-hidden=\"true\" class=\"wp-block-cover__background has-nv-light-bg-background-color has-background-dim-100 has-background-dim\"><\/span><div class=\"wp-block-cover__inner-container is-layout-flow wp-block-cover-is-layout-flow\">\n<div class=\"wp-block-group is-layout-flow wp-block-group-is-layout-flow\">\n<div class=\"wp-block-columns are-vertically-aligned-center is-layout-flex wp-container-core-columns-is-layout-28f84493 wp-block-columns-is-layout-flex\">\n<div class=\"wp-block-column is-vertically-aligned-center is-layout-flow wp-block-column-is-layout-flow\" style=\"flex-basis:50%\">\n<figure class=\"wp-block-image aligncenter size-large has-custom-border animated heartBeat\"><img loading=\"lazy\" decoding=\"async\" width=\"683\" height=\"1024\" src=\"https:\/\/belgiangourmet.hr\/wp-content\/uploads\/2025\/11\/IMG_3168-683x1024.jpg\" alt=\"\" class=\"has-border-color has-ast-global-color-0-border-color wp-image-24\" style=\"border-width:5px;border-top-left-radius:100px;border-top-right-radius:100px;border-bottom-left-radius:100px;border-bottom-right-radius:100px;aspect-ratio:4\/3;object-fit:cover\" srcset=\"https:\/\/belgiangourmet.hr\/wp-content\/uploads\/2025\/11\/IMG_3168-683x1024.jpg 683w, https:\/\/belgiangourmet.hr\/wp-content\/uploads\/2025\/11\/IMG_3168-200x300.jpg 200w, https:\/\/belgiangourmet.hr\/wp-content\/uploads\/2025\/11\/IMG_3168-768x1152.jpg 768w, https:\/\/belgiangourmet.hr\/wp-content\/uploads\/2025\/11\/IMG_3168-1024x1536.jpg 1024w, https:\/\/belgiangourmet.hr\/wp-content\/uploads\/2025\/11\/IMG_3168-1365x2048.jpg 1365w, https:\/\/belgiangourmet.hr\/wp-content\/uploads\/2025\/11\/IMG_3168-scaled.jpg 1707w\" sizes=\"auto, (max-width: 683px) 100vw, 683px\" \/><\/figure>\n\n\n\n<div style=\"height:42px\" aria-hidden=\"true\" class=\"wp-block-spacer\"><\/div>\n\n\n\n<h3 class=\"wp-block-heading has-text-align-center has-ast-global-color-0-color has-text-color has-large-font-size\">Privatne serije \u010dokolade<\/h3>\n\n\n\n<p class=\"has-text-align-center has-ast-global-color-8-color has-text-color has-medium-font-size\">Izra\u0111ujemo \u010dokoladu <strong>za druge brendove<\/strong>, u potpunosti prilago\u0111enu njihovim potrebama \u2014 od recepture i okusa do dizajna i brendiranja proizvoda.<\/p>\n\n\n\n<ul class=\"wp-block-list\">\n<li><\/li>\n<\/ul>\n<\/div>\n\n\n\n<div class=\"wp-block-column is-vertically-aligned-center is-layout-flow wp-block-column-is-layout-flow\" style=\"flex-basis:50%\">\n<figure class=\"wp-block-image aligncenter size-large has-custom-border animated heartBeat\"><img loading=\"lazy\" decoding=\"async\" width=\"1024\" height=\"768\" src=\"https:\/\/belgiangourmet.hr\/wp-content\/uploads\/2025\/11\/R-1024x768.jpg\" alt=\"\" class=\"has-border-color has-ast-global-color-0-border-color wp-image-439\" style=\"border-width:5px;border-top-left-radius:100px;border-top-right-radius:100px;border-bottom-left-radius:100px;border-bottom-right-radius:100px;object-fit:cover\" srcset=\"https:\/\/belgiangourmet.hr\/wp-content\/uploads\/2025\/11\/R-1024x768.jpg 1024w, https:\/\/belgiangourmet.hr\/wp-content\/uploads\/2025\/11\/R-300x225.jpg 300w, https:\/\/belgiangourmet.hr\/wp-content\/uploads\/2025\/11\/R-768x576.jpg 768w, https:\/\/belgiangourmet.hr\/wp-content\/uploads\/2025\/11\/R-1536x1152.jpg 1536w, https:\/\/belgiangourmet.hr\/wp-content\/uploads\/2025\/11\/R-2048x1536.jpg 2048w\" sizes=\"auto, (max-width: 1024px) 100vw, 1024px\" \/><\/figure>\n\n\n\n<div style=\"height:33px\" aria-hidden=\"true\" class=\"wp-block-spacer\"><\/div>\n\n\n\n<h3 class=\"wp-block-heading has-text-align-center has-ast-global-color-0-color has-text-color has-large-font-size\">Razvoj novih recepata<\/h3>\n\n\n\n<p class=\"has-text-align-center has-ast-global-color-8-color has-text-color has-medium-font-size\">Na\u0161 tim razvija <strong>nove recepte i formulacije<\/strong> prema zahtjevima kupaca.<br>Od ideje do gotovog proizvoda \u2014 kreiramo jedinstvene \u010dokolade koje odgovaraju specifi\u010dnim tr\u017ei\u0161nim potrebama.<\/p>\n<\/div>\n<\/div>\n<\/div>\n<\/div><\/div>\n\n\n\n<div class=\"wp-block-cover alignfull\" style=\"min-height:300px;aspect-ratio:unset;\"><span aria-hidden=\"true\" class=\"wp-block-cover__background has-nv-dark-bg-background-color has-background-dim-100 has-background-dim\"><\/span><div class=\"wp-block-cover__inner-container is-layout-flow wp-block-cover-is-layout-flow\">\n<figure class=\"wp-block-image aligncenter size-full is-resized has-custom-border is-style-rounded animated headShake\"><img loading=\"lazy\" decoding=\"async\" width=\"2560\" height=\"2560\" src=\"https:\/\/belgiangourmet.hr\/wp-content\/uploads\/2025\/12\/ela-scaled.png\" alt=\"\" class=\"has-border-color has-ast-global-color-0-border-color wp-image-540\" style=\"border-width:5px;border-top-left-radius:100px;border-top-right-radius:100px;border-bottom-left-radius:100px;border-bottom-right-radius:100px;aspect-ratio:1;object-fit:cover;width:228px;height:auto\" srcset=\"https:\/\/belgiangourmet.hr\/wp-content\/uploads\/2025\/12\/ela-scaled.png 2560w, https:\/\/belgiangourmet.hr\/wp-content\/uploads\/2025\/12\/ela-300x300.png 300w, https:\/\/belgiangourmet.hr\/wp-content\/uploads\/2025\/12\/ela-1024x1024.png 1024w, https:\/\/belgiangourmet.hr\/wp-content\/uploads\/2025\/12\/ela-150x150.png 150w, https:\/\/belgiangourmet.hr\/wp-content\/uploads\/2025\/12\/ela-768x768.png 768w, https:\/\/belgiangourmet.hr\/wp-content\/uploads\/2025\/12\/ela-1536x1536.png 1536w, https:\/\/belgiangourmet.hr\/wp-content\/uploads\/2025\/12\/ela-2048x2048.png 2048w\" sizes=\"auto, (max-width: 2560px) 100vw, 2560px\" \/><\/figure>\n\n\n\n<p class=\"has-text-align-center has-ast-global-color-0-color has-text-color has-medium-font-size\">Ela Lelas vodi proces izrade na\u0161e \u010dokolade i stoji iza svakog okusa koji izlazi iz Belgian Gourmeta.<br>Kao na\u0161 glavni <strong>\u010dokolatijer<\/strong>, Ela svakodnevno brine o kvaliteti, teksturi i savr\u0161enoj ravnote\u017ei okusa, kombiniraju\u0107i tradiciju, znanje i kreativnost.<\/p>\n\n\n\n<p class=\"has-text-align-center has-ast-global-color-0-color has-text-color has-medium-font-size\">S ljubavlju i stra\u0161\u0107u razvija nove recepte, testira kombinacije sastojaka i oblikuje \u010dokolade koje osvajaju svojim prirodnim, \u010distim i autenti\u010dnim profilom.<br>U suradnji s timom, Ela osigurava da svaka plo\u010dica bude napravljena pa\u017eljivo, odgovorno i u skladu s najvi\u0161im standardima na\u0161e BIO proizvodnje.<\/p>\n\n\n\n<p class=\"has-text-align-center has-ast-global-color-0-color has-text-color has-large-font-size\">Ela Lelas \u2014 na\u0161 \u010dokolatijer<\/p>\n<\/div><\/div>\n\n\n\n<p><\/p>\n","protected":false},"excerpt":{"rendered":"","protected":false},"author":1,"featured_media":0,"parent":0,"menu_order":0,"comment_status":"closed","ping_status":"closed","template":"","meta":{"site-sidebar-layout":"default","site-content-layout":"","ast-site-content-layout":"default","site-content-style":"default","site-sidebar-style":"default","ast-global-header-display":"","ast-banner-title-visibility":"","ast-main-header-display":"","ast-hfb-above-header-display":"","ast-hfb-below-header-display":"","ast-hfb-mobile-header-display":"","site-post-title":"","ast-breadcrumbs-content":"","ast-featured-img":"","footer-sml-layout":"","theme-transparent-header-meta":"","adv-header-id-meta":"","stick-header-meta":"","header-above-stick-meta":"","header-main-stick-meta":"","header-below-stick-meta":"","astra-migrate-meta-layouts":"default","ast-page-background-enabled":"default","ast-page-background-meta":{"desktop":{"background-color":"var(--ast-global-color-5)","background-image":"","background-repeat":"repeat","background-position":"center center","background-size":"auto","background-attachment":"scroll","background-type":"","background-media":"","overlay-type":"","overlay-color":"","overlay-opacity":"","overlay-gradient":""},"tablet":{"background-color":"","background-image":"","background-repeat":"repeat","background-position":"center center","background-size":"auto","background-attachment":"scroll","background-type":"","background-media":"","overlay-type":"","overlay-color":"","overlay-opacity":"","overlay-gradient":""},"mobile":{"background-color":"","background-image":"","background-repeat":"repeat","background-position":"center center","background-size":"auto","background-attachment":"scroll","background-type":"","background-media":"","overlay-type":"","overlay-color":"","overlay-opacity":"","overlay-gradient":""}},"ast-content-background-meta":{"desktop":{"background-color":"var(--ast-global-color-4)","background-image":"","background-repeat":"repeat","background-position":"center center","background-size":"auto","background-attachment":"scroll","background-type":"","background-media":"","overlay-type":"","overlay-color":"","overlay-opacity":"","overlay-gradient":""},"tablet":{"background-color":"var(--ast-global-color-4)","background-image":"","background-repeat":"repeat","background-position":"center center","background-size":"auto","background-attachment":"scroll","background-type":"","background-media":"","overlay-type":"","overlay-color":"","overlay-opacity":"","overlay-gradient":""},"mobile":{"background-color":"var(--ast-global-color-4)","background-image":"","background-repeat":"repeat","background-position":"center center","background-size":"auto","background-attachment":"scroll","background-type":"","background-media":"","overlay-type":"","overlay-color":"","overlay-opacity":"","overlay-gradient":""}},"_themeisle_gutenberg_block_has_review":false,"footnotes":""},"class_list":["post-69","page","type-page","status-publish","hentry"],"_links":{"self":[{"href":"https:\/\/belgiangourmet.hr\/index.php\/wp-json\/wp\/v2\/pages\/69","targetHints":{"allow":["GET"]}}],"collection":[{"href":"https:\/\/belgiangourmet.hr\/index.php\/wp-json\/wp\/v2\/pages"}],"about":[{"href":"https:\/\/belgiangourmet.hr\/index.php\/wp-json\/wp\/v2\/types\/page"}],"author":[{"embeddable":true,"href":"https:\/\/belgiangourmet.hr\/index.php\/wp-json\/wp\/v2\/users\/1"}],"replies":[{"embeddable":true,"href":"https:\/\/belgiangourmet.hr\/index.php\/wp-json\/wp\/v2\/comments?post=69"}],"version-history":[{"count":16,"href":"https:\/\/belgiangourmet.hr\/index.php\/wp-json\/wp\/v2\/pages\/69\/revisions"}],"predecessor-version":[{"id":563,"href":"https:\/\/belgiangourmet.hr\/index.php\/wp-json\/wp\/v2\/pages\/69\/revisions\/563"}],"wp:attachment":[{"href":"https:\/\/belgiangourmet.hr\/index.php\/wp-json\/wp\/v2\/media?parent=69"}],"curies":[{"name":"wp","href":"https:\/\/api.w.org\/{rel}","templated":true}]}}